{"id":21203,"date":"2024-11-12T11:30:28","date_gmt":"2024-11-12T10:30:28","guid":{"rendered":"https:\/\/vitalstoffversand.com\/produkt\/gen-l-arginina-l-citrulina-320-capsulas\/"},"modified":"2026-03-11T14:23:28","modified_gmt":"2026-03-11T13:23:28","slug":"gen-l-arginina-l-citrulina-320-capsulas","status":"publish","type":"product","link":"https:\/\/vitalstoffversand.com\/es\/producto\/gen-l-arginina-l-citrulina-320-capsulas\/","title":{"rendered":"GEN <br>L-Arginina + L-Citrulina &#8211; 320 c\u00e1psulas"},"content":{"rendered":"<p>La arginina y la citrulina se encuentran con mayor frecuencia en los potenciadores pre-entrenamiento y en los suplementos de bombeo y son muy apreciados no s\u00f3lo por los culturistas y los atletas de fuerza debido a su potente combinaci\u00f3n.<\/p>\n<p>Pertenecen a los amino\u00e1cidos semiesenciales y, mediante su combinaci\u00f3n, propician un proceso metab\u00f3lico sostenido, como la producci\u00f3n de nitr\u00f3geno.<\/p>\n<p>La arginina tiene un efecto positivo sobre los vasos sangu\u00edneos, por lo que resulta interesante no s\u00f3lo para su uso en el deporte, sino tambi\u00e9n en la prevenci\u00f3n general y la salud masculina.<\/p>\n<p>La L-citrulina es un precursor de la L-arginina.<\/p>\n<p>S\u00f3lo se convierte en arginina en los ri\u00f1ones y, por lo tanto, est\u00e1 disponible con un retraso temporal, lo que garantiza un suministro duradero y constante de arginina gracias al efecto de liberaci\u00f3n prolongada.<\/p>\n<ul>\n<li>Sin gluten<\/li>\n<li>Sin lactosa<\/li>\n<li>Sin OGM<\/li>\n<li>Fabricado seg\u00fan los estrictos est\u00e1ndares de calidad de la UE.<\/li>\n<\/ul>\n","protected":false},"excerpt":{"rendered":"<p>La arginina y la citrulina se encuentran con mayor frecuencia en los potenciadores pre-entrenamiento y en los suplementos de bombeo y son muy apreciados no s\u00f3lo por los culturistas y los atletas de fuerza debido a su potente combinaci\u00f3n. Pertenecen a los amino\u00e1cidos semiesenciales y, mediante su combinaci\u00f3n, propician un proceso metab\u00f3lico sostenido, como la [&hellip;]<\/p>\n","protected":false},"featured_media":44359,"template":"","meta":{"_acf_changed":false},"product_brand":[10201],"product_cat":[334,363],"product_tag":[],"class_list":{"0":"post-21203","1":"product","2":"type-product","3":"status-publish","4":"has-post-thumbnail","6":"product_brand-gen-german-elite-nutrition-es","7":"product_cat-aminoacidos","8":"product_cat-productos-de-a-z","10":"first","11":"instock","12":"taxable","13":"shipping-taxable","14":"purchasable","15":"product-type-simple"},"acf":[],"_links":{"self":[{"href":"https:\/\/vitalstoffversand.com\/es\/wp-json\/wp\/v2\/product\/21203","targetHints":{"allow":["GET"]}}],"collection":[{"href":"https:\/\/vitalstoffversand.com\/es\/wp-json\/wp\/v2\/product"}],"about":[{"href":"https:\/\/vitalstoffversand.com\/es\/wp-json\/wp\/v2\/types\/product"}],"wp:featuredmedia":[{"embeddable":true,"href":"https:\/\/vitalstoffversand.com\/es\/wp-json\/wp\/v2\/media\/44359"}],"wp:attachment":[{"href":"https:\/\/vitalstoffversand.com\/es\/wp-json\/wp\/v2\/media?parent=21203"}],"wp:term":[{"taxonomy":"product_brand","embeddable":true,"href":"https:\/\/vitalstoffversand.com\/es\/wp-json\/wp\/v2\/product_brand?post=21203"},{"taxonomy":"product_cat","embeddable":true,"href":"https:\/\/vitalstoffversand.com\/es\/wp-json\/wp\/v2\/product_cat?post=21203"},{"taxonomy":"product_tag","embeddable":true,"href":"https:\/\/vitalstoffversand.com\/es\/wp-json\/wp\/v2\/product_tag?post=21203"}],"curies":[{"name":"wp","href":"https:\/\/api.w.org\/{rel}","templated":true}]}}