{"id":21181,"date":"2024-11-12T11:28:55","date_gmt":"2024-11-12T10:28:55","guid":{"rendered":"https:\/\/vitalstoffversand.com\/produkt\/gen-l-citrulina-dl-malato-500-g\/"},"modified":"2026-03-11T14:19:32","modified_gmt":"2026-03-11T13:19:32","slug":"gen-l-citrulina-dl-malato-500-g","status":"publish","type":"product","link":"https:\/\/vitalstoffversand.com\/es\/producto\/gen-l-citrulina-dl-malato-500-g\/","title":{"rendered":"GEN <br>L-Citrulina DL-Malato &#8211; 500 g"},"content":{"rendered":"<p>La L-citrulina es un precursor de la arginina y se metaboliza en los ri\u00f1ones.<\/p>\n<p>A su vez, la arginina desempe\u00f1a un papel importante en el flujo sangu\u00edneo y los vasos sangu\u00edneos.<\/p>\n<p>El DL-malato es un \u00e1cido m\u00e1lico.<br \/>\nAyuda a la citrulina en la producci\u00f3n de energ\u00eda y, al mismo tiempo, realza su sabor amargo.<\/p>\n<p>El DL-malato tambi\u00e9n puede ayudar a mejorar la circulaci\u00f3n sangu\u00ednea durante las actividades deportivas y retrasar la fatiga.<\/p>\n<ul>\n<li>Vegano<\/li>\n<li>Sin gluten<\/li>\n<li>Sin lactosa<\/li>\n<li>Sin OGM<\/li>\n<li>Fabricado seg\u00fan los estrictos est\u00e1ndares de calidad de la UE.<\/li>\n<\/ul>\n","protected":false},"excerpt":{"rendered":"<p>La L-citrulina es un precursor de la arginina y se metaboliza en los ri\u00f1ones. A su vez, la arginina desempe\u00f1a un papel importante en el flujo sangu\u00edneo y los vasos sangu\u00edneos. El DL-malato es un \u00e1cido m\u00e1lico. Ayuda a la citrulina en la producci\u00f3n de energ\u00eda y, al mismo tiempo, realza su sabor amargo. El [&hellip;]<\/p>\n","protected":false},"featured_media":44295,"template":"","meta":{"_acf_changed":false},"product_brand":[10201],"product_cat":[334,363],"product_tag":[],"class_list":{"0":"post-21181","1":"product","2":"type-product","3":"status-publish","4":"has-post-thumbnail","6":"product_brand-gen-german-elite-nutrition-es","7":"product_cat-aminoacidos","8":"product_cat-productos-de-a-z","10":"first","11":"instock","12":"taxable","13":"shipping-taxable","14":"purchasable","15":"product-type-simple"},"acf":[],"_links":{"self":[{"href":"https:\/\/vitalstoffversand.com\/es\/wp-json\/wp\/v2\/product\/21181","targetHints":{"allow":["GET"]}}],"collection":[{"href":"https:\/\/vitalstoffversand.com\/es\/wp-json\/wp\/v2\/product"}],"about":[{"href":"https:\/\/vitalstoffversand.com\/es\/wp-json\/wp\/v2\/types\/product"}],"wp:featuredmedia":[{"embeddable":true,"href":"https:\/\/vitalstoffversand.com\/es\/wp-json\/wp\/v2\/media\/44295"}],"wp:attachment":[{"href":"https:\/\/vitalstoffversand.com\/es\/wp-json\/wp\/v2\/media?parent=21181"}],"wp:term":[{"taxonomy":"product_brand","embeddable":true,"href":"https:\/\/vitalstoffversand.com\/es\/wp-json\/wp\/v2\/product_brand?post=21181"},{"taxonomy":"product_cat","embeddable":true,"href":"https:\/\/vitalstoffversand.com\/es\/wp-json\/wp\/v2\/product_cat?post=21181"},{"taxonomy":"product_tag","embeddable":true,"href":"https:\/\/vitalstoffversand.com\/es\/wp-json\/wp\/v2\/product_tag?post=21181"}],"curies":[{"name":"wp","href":"https:\/\/api.w.org\/{rel}","templated":true}]}}