{"id":21105,"date":"2024-11-12T11:11:34","date_gmt":"2024-11-12T10:11:34","guid":{"rendered":"https:\/\/vitalstoffversand.com\/produkt\/gen-testo-max-270-capsulas\/"},"modified":"2026-03-11T14:10:47","modified_gmt":"2026-03-11T13:10:47","slug":"gen-testo-max-270-capsulas","status":"publish","type":"product","link":"https:\/\/vitalstoffversand.com\/es\/producto\/gen-testo-max-270-capsulas\/","title":{"rendered":"GEN <br>Testo Max &#8211; 270 c\u00e1psulas"},"content":{"rendered":"<p>Un nivel elevado de testosterona es el requisito previo ideal para un crecimiento muscular r\u00e1pido.<\/p>\n<p>Testo Max es un suplemento diet\u00e9tico puramente a base de hierbas que consiste en sustancias vegetales, amino\u00e1cidos, vitaminas, minerales y oligoelementos que pueden ayudar a estimular la producci\u00f3n de hormonas del propio cuerpo.<\/p>\n<p>Completamente legal y sin efectos secundarios.<\/p>\n<ul>\n<li>Vegano<\/li>\n<li>Sin gluten<\/li>\n<li>Sin lactosa<\/li>\n<li>Sin OGM<\/li>\n<li>Fabricado seg\u00fan los estrictos est\u00e1ndares de calidad de la UE.<\/li>\n<\/ul>\n","protected":false},"excerpt":{"rendered":"<p>Un nivel elevado de testosterona es el requisito previo ideal para un crecimiento muscular r\u00e1pido. Testo Max es un suplemento diet\u00e9tico puramente a base de hierbas que consiste en sustancias vegetales, amino\u00e1cidos, vitaminas, minerales y oligoelementos que pueden ayudar a estimular la producci\u00f3n de hormonas del propio cuerpo. Completamente legal y sin efectos secundarios. Vegano [&hellip;]<\/p>\n","protected":false},"featured_media":44175,"template":"","meta":{"_acf_changed":false},"product_brand":[10201],"product_cat":[351,350,363],"product_tag":[],"class_list":{"0":"post-21105","1":"product","2":"type-product","3":"status-publish","4":"has-post-thumbnail","6":"product_brand-gen-german-elite-nutrition-es","7":"product_cat-deporte-suplementario","8":"product_cat-nutrientes","9":"product_cat-productos-de-a-z","11":"first","12":"instock","13":"taxable","14":"shipping-taxable","15":"purchasable","16":"product-type-simple"},"acf":[],"_links":{"self":[{"href":"https:\/\/vitalstoffversand.com\/es\/wp-json\/wp\/v2\/product\/21105","targetHints":{"allow":["GET"]}}],"collection":[{"href":"https:\/\/vitalstoffversand.com\/es\/wp-json\/wp\/v2\/product"}],"about":[{"href":"https:\/\/vitalstoffversand.com\/es\/wp-json\/wp\/v2\/types\/product"}],"wp:featuredmedia":[{"embeddable":true,"href":"https:\/\/vitalstoffversand.com\/es\/wp-json\/wp\/v2\/media\/44175"}],"wp:attachment":[{"href":"https:\/\/vitalstoffversand.com\/es\/wp-json\/wp\/v2\/media?parent=21105"}],"wp:term":[{"taxonomy":"product_brand","embeddable":true,"href":"https:\/\/vitalstoffversand.com\/es\/wp-json\/wp\/v2\/product_brand?post=21105"},{"taxonomy":"product_cat","embeddable":true,"href":"https:\/\/vitalstoffversand.com\/es\/wp-json\/wp\/v2\/product_cat?post=21105"},{"taxonomy":"product_tag","embeddable":true,"href":"https:\/\/vitalstoffversand.com\/es\/wp-json\/wp\/v2\/product_tag?post=21105"}],"curies":[{"name":"wp","href":"https:\/\/api.w.org\/{rel}","templated":true}]}}