{"id":21023,"date":"2024-11-12T10:56:30","date_gmt":"2024-11-12T09:56:30","guid":{"rendered":"https:\/\/vitalstoffversand.com\/produkt\/gen-maca-extreme-365-capsulas\/"},"modified":"2026-03-11T14:01:17","modified_gmt":"2026-03-11T13:01:17","slug":"gen-maca-extreme-365-capsulas","status":"publish","type":"product","link":"https:\/\/vitalstoffversand.com\/es\/producto\/gen-maca-extreme-365-capsulas\/","title":{"rendered":"GEN <br>Maca Extreme &#8211; 365 c\u00e1psulas"},"content":{"rendered":"<p>La maca crece en los Andes peruanos y se valora desde la \u00e9poca de los incas.<\/p>\n<p>La ra\u00edz de la planta, de la que tambi\u00e9n se obtiene polvo de maca, es rica en vitaminas, minerales, prote\u00ednas, amino\u00e1cidos y \u00e1cidos grasos omega-3.<\/p>\n<p>Cada c\u00e1psula contiene 600 mg de extracto de ra\u00edz de Maca 10:1, lo que corresponde a 6 g de polvo de ra\u00edz.<\/p>\n<ul>\n<li>Vegano<\/li>\n<li>Sin gluten<\/li>\n<li>Sin lactosa<\/li>\n<li>Sin OGM<\/li>\n<li>Fabricado seg\u00fan los estrictos est\u00e1ndares de calidad de la UE.<\/li>\n<\/ul>\n","protected":false},"excerpt":{"rendered":"<p>La maca crece en los Andes peruanos y se valora desde la \u00e9poca de los incas. La ra\u00edz de la planta, de la que tambi\u00e9n se obtiene polvo de maca, es rica en vitaminas, minerales, prote\u00ednas, amino\u00e1cidos y \u00e1cidos grasos omega-3. Cada c\u00e1psula contiene 600 mg de extracto de ra\u00edz de Maca 10:1, lo que [&hellip;]<\/p>\n","protected":false},"featured_media":43942,"template":"","meta":{"_acf_changed":false},"product_brand":[10201],"product_cat":[350,363],"product_tag":[],"class_list":{"0":"post-21023","1":"product","2":"type-product","3":"status-publish","4":"has-post-thumbnail","6":"product_brand-gen-german-elite-nutrition-es","7":"product_cat-nutrientes","8":"product_cat-productos-de-a-z","10":"first","11":"instock","12":"taxable","13":"shipping-taxable","14":"purchasable","15":"product-type-simple"},"acf":[],"_links":{"self":[{"href":"https:\/\/vitalstoffversand.com\/es\/wp-json\/wp\/v2\/product\/21023","targetHints":{"allow":["GET"]}}],"collection":[{"href":"https:\/\/vitalstoffversand.com\/es\/wp-json\/wp\/v2\/product"}],"about":[{"href":"https:\/\/vitalstoffversand.com\/es\/wp-json\/wp\/v2\/types\/product"}],"wp:featuredmedia":[{"embeddable":true,"href":"https:\/\/vitalstoffversand.com\/es\/wp-json\/wp\/v2\/media\/43942"}],"wp:attachment":[{"href":"https:\/\/vitalstoffversand.com\/es\/wp-json\/wp\/v2\/media?parent=21023"}],"wp:term":[{"taxonomy":"product_brand","embeddable":true,"href":"https:\/\/vitalstoffversand.com\/es\/wp-json\/wp\/v2\/product_brand?post=21023"},{"taxonomy":"product_cat","embeddable":true,"href":"https:\/\/vitalstoffversand.com\/es\/wp-json\/wp\/v2\/product_cat?post=21023"},{"taxonomy":"product_tag","embeddable":true,"href":"https:\/\/vitalstoffversand.com\/es\/wp-json\/wp\/v2\/product_tag?post=21023"}],"curies":[{"name":"wp","href":"https:\/\/api.w.org\/{rel}","templated":true}]}}