{"id":21015,"date":"2024-11-11T19:29:09","date_gmt":"2024-11-11T18:29:09","guid":{"rendered":"https:\/\/vitalstoffversand.com\/produkt\/gen-acetil-l-carnitina-250-capsulas\/"},"modified":"2026-03-11T14:01:19","modified_gmt":"2026-03-11T13:01:19","slug":"gen-acetil-l-carnitina-250-capsulas","status":"publish","type":"product","link":"https:\/\/vitalstoffversand.com\/es\/producto\/gen-acetil-l-carnitina-250-capsulas\/","title":{"rendered":"GEN <br>Acetil L-Carnitina &#8211; 250 c\u00e1psulas"},"content":{"rendered":"<p>La acetil L-carnitina es de naturaleza similar al amino\u00e1cido L-carnitina.<\/p>\n<p>Las propiedades de la acetil L-carnitina incluyen la metabolizaci\u00f3n de los alimentos y su conversi\u00f3n en energ\u00eda. En comparaci\u00f3n con la L-carnitina, la acetil L-carnitina puede ser absorbida m\u00e1s r\u00e1pida y eficazmente por las c\u00e9lulas y, por tanto, utilizada m\u00e1s eficazmente por el organismo.<\/p>\n<ul>\n<li>Vegano<\/li>\n<li>Sin gluten<\/li>\n<li>Sin lactosa<\/li>\n<li>Sin OGM<\/li>\n<li>Fabricado seg\u00fan los estrictos est\u00e1ndares de calidad de la UE.<\/li>\n<\/ul>\n","protected":false},"excerpt":{"rendered":"<p>La acetil L-carnitina es de naturaleza similar al amino\u00e1cido L-carnitina. Las propiedades de la acetil L-carnitina incluyen la metabolizaci\u00f3n de los alimentos y su conversi\u00f3n en energ\u00eda. En comparaci\u00f3n con la L-carnitina, la acetil L-carnitina puede ser absorbida m\u00e1s r\u00e1pida y eficazmente por las c\u00e9lulas y, por tanto, utilizada m\u00e1s eficazmente por el organismo. Vegano [&hellip;]<\/p>\n","protected":false},"featured_media":43902,"template":"","meta":{"_acf_changed":false},"product_brand":[10201],"product_cat":[350,363],"product_tag":[],"class_list":{"0":"post-21015","1":"product","2":"type-product","3":"status-publish","4":"has-post-thumbnail","6":"product_brand-gen-german-elite-nutrition-es","7":"product_cat-nutrientes","8":"product_cat-productos-de-a-z","10":"first","11":"instock","12":"taxable","13":"shipping-taxable","14":"purchasable","15":"product-type-simple"},"acf":[],"_links":{"self":[{"href":"https:\/\/vitalstoffversand.com\/es\/wp-json\/wp\/v2\/product\/21015","targetHints":{"allow":["GET"]}}],"collection":[{"href":"https:\/\/vitalstoffversand.com\/es\/wp-json\/wp\/v2\/product"}],"about":[{"href":"https:\/\/vitalstoffversand.com\/es\/wp-json\/wp\/v2\/types\/product"}],"wp:featuredmedia":[{"embeddable":true,"href":"https:\/\/vitalstoffversand.com\/es\/wp-json\/wp\/v2\/media\/43902"}],"wp:attachment":[{"href":"https:\/\/vitalstoffversand.com\/es\/wp-json\/wp\/v2\/media?parent=21015"}],"wp:term":[{"taxonomy":"product_brand","embeddable":true,"href":"https:\/\/vitalstoffversand.com\/es\/wp-json\/wp\/v2\/product_brand?post=21015"},{"taxonomy":"product_cat","embeddable":true,"href":"https:\/\/vitalstoffversand.com\/es\/wp-json\/wp\/v2\/product_cat?post=21015"},{"taxonomy":"product_tag","embeddable":true,"href":"https:\/\/vitalstoffversand.com\/es\/wp-json\/wp\/v2\/product_tag?post=21015"}],"curies":[{"name":"wp","href":"https:\/\/api.w.org\/{rel}","templated":true}]}}