{"id":20992,"date":"2025-02-22T16:23:31","date_gmt":"2025-02-22T15:23:31","guid":{"rendered":"https:\/\/vitalstoffversand.com\/?post_type=product&#038;p=20992"},"modified":"2026-03-11T13:34:42","modified_gmt":"2026-03-11T12:34:42","slug":"zeolita-premium-en-polvo-1000-g","status":"publish","type":"product","link":"https:\/\/vitalstoffversand.com\/es\/producto\/zeolita-premium-en-polvo-1000-g\/","title":{"rendered":"Bonemis <br>Zeolita Premium en polvo &#8211; 1000 g"},"content":{"rendered":"<p>M\u00e1xima calidad procedente de <strong>zonas de extracci\u00f3n de Alemania<\/strong>.<\/p>\n<p>Zeolita clinoptilolita microfina con un tama\u00f1o de part\u00edculas de 10-50 \u00b5m, el 50% de las cuales se encuentra en el intervalo de 10-20 \u00b5m.<\/p>\n<p>La zeolita clinoptilolita se compone de minerales volc\u00e1nicos naturales y tiene muy buenas propiedades, con un contenido de clinoptilolita del 93%, un contenido de silicio del 72% y s\u00f3lo un 11,9% de \u00f3xido de aluminio.<\/p>\n<p>El polvo tambi\u00e9n est\u00e1 libre de nanopart\u00edculas potencialmente cr\u00edticas.<\/p>\n<ul>\n<li><strong><span style=\"color: #ff0000;\">La zeolita Clinoptilolite no est\u00e1 autorizada como complemento alimenticio en la UE.<\/span><\/strong><\/li>\n<li><strong><span style=\"color: #ff0000;\">Autorizado como aditivo tecnol\u00f3gico en piensos seg\u00fan el Reglamento (UE) n.\u00ba 651\/2013.<\/span><\/strong><\/li>\n<\/ul>\n","protected":false},"excerpt":{"rendered":"<p>M\u00e1xima calidad procedente de zonas de extracci\u00f3n de Alemania. Zeolita clinoptilolita microfina con un tama\u00f1o de part\u00edculas de 10-50 \u00b5m, el 50% de las cuales se encuentra en el intervalo de 10-20 \u00b5m. La zeolita clinoptilolita se compone de minerales volc\u00e1nicos naturales y tiene muy buenas propiedades, con un contenido de clinoptilolita del 93%, un [&hellip;]<\/p>\n","protected":false},"featured_media":62730,"template":"","meta":{"_acf_changed":false},"product_brand":[10236],"product_cat":[363],"product_tag":[],"class_list":{"0":"post-20992","1":"product","2":"type-product","3":"status-publish","4":"has-post-thumbnail","6":"product_brand-bonemis-es","7":"product_cat-productos-de-a-z","9":"first","10":"instock","11":"taxable","12":"shipping-taxable","13":"purchasable","14":"product-type-simple"},"acf":[],"_links":{"self":[{"href":"https:\/\/vitalstoffversand.com\/es\/wp-json\/wp\/v2\/product\/20992","targetHints":{"allow":["GET"]}}],"collection":[{"href":"https:\/\/vitalstoffversand.com\/es\/wp-json\/wp\/v2\/product"}],"about":[{"href":"https:\/\/vitalstoffversand.com\/es\/wp-json\/wp\/v2\/types\/product"}],"wp:featuredmedia":[{"embeddable":true,"href":"https:\/\/vitalstoffversand.com\/es\/wp-json\/wp\/v2\/media\/62730"}],"wp:attachment":[{"href":"https:\/\/vitalstoffversand.com\/es\/wp-json\/wp\/v2\/media?parent=20992"}],"wp:term":[{"taxonomy":"product_brand","embeddable":true,"href":"https:\/\/vitalstoffversand.com\/es\/wp-json\/wp\/v2\/product_brand?post=20992"},{"taxonomy":"product_cat","embeddable":true,"href":"https:\/\/vitalstoffversand.com\/es\/wp-json\/wp\/v2\/product_cat?post=20992"},{"taxonomy":"product_tag","embeddable":true,"href":"https:\/\/vitalstoffversand.com\/es\/wp-json\/wp\/v2\/product_tag?post=20992"}],"curies":[{"name":"wp","href":"https:\/\/api.w.org\/{rel}","templated":true}]}}