{"id":20758,"date":"2025-01-21T14:51:58","date_gmt":"2025-01-21T13:51:58","guid":{"rendered":"https:\/\/vitalstoffversand.com\/produkt\/alphavitalis-extracto-de-corteza-de-pino-opc-240-capsulas\/"},"modified":"2026-03-11T13:30:46","modified_gmt":"2026-03-11T12:30:46","slug":"alphavitalis-extracto-de-corteza-de-pino-opc-240-capsulas","status":"publish","type":"product","link":"https:\/\/vitalstoffversand.com\/es\/producto\/alphavitalis-extracto-de-corteza-de-pino-opc-240-capsulas\/","title":{"rendered":"alphavitalis <br>Extracto de corteza de pino (OPC) &#8211; 240 c\u00e1psulas"},"content":{"rendered":"<p>Un producto TOP entre los extractos de corteza de pino.<\/p>\n<p>Cada c\u00e1psula contiene 250 mg de extracto de corteza de pino con una alta dosis del 95% de proantocianidinas y m\u00e1s de 80 mg de OPC aut\u00e9ntico, as\u00ed como vitamina C procedente del extracto de escaramujo.<\/p>\n<ul>\n<li>Vegano<\/li>\n<li>Sin gluten<\/li>\n<li>Sin lactosa<\/li>\n<li>Sin OGM<\/li>\n<li>Analizado en laboratorio para detectar sustancias nocivas y determinar el contenido de OPC.<\/li>\n<li>Fabricado seg\u00fan los estrictos est\u00e1ndares de calidad de la UE.<\/li>\n<\/ul>\n","protected":false},"excerpt":{"rendered":"<p>Un producto TOP entre los extractos de corteza de pino. Cada c\u00e1psula contiene 250 mg de extracto de corteza de pino con una alta dosis del 95% de proantocianidinas y m\u00e1s de 80 mg de OPC aut\u00e9ntico, as\u00ed como vitamina C procedente del extracto de escaramujo. Vegano Sin gluten Sin lactosa Sin OGM Analizado en [&hellip;]<\/p>\n","protected":false},"featured_media":40546,"template":"","meta":{"_acf_changed":false},"product_brand":[10194],"product_cat":[350,363],"product_tag":[],"class_list":{"0":"post-20758","1":"product","2":"type-product","3":"status-publish","4":"has-post-thumbnail","6":"product_brand-alphavitalis-es","7":"product_cat-nutrientes","8":"product_cat-productos-de-a-z","10":"first","11":"instock","12":"taxable","13":"shipping-taxable","14":"purchasable","15":"product-type-simple"},"acf":[],"_links":{"self":[{"href":"https:\/\/vitalstoffversand.com\/es\/wp-json\/wp\/v2\/product\/20758","targetHints":{"allow":["GET"]}}],"collection":[{"href":"https:\/\/vitalstoffversand.com\/es\/wp-json\/wp\/v2\/product"}],"about":[{"href":"https:\/\/vitalstoffversand.com\/es\/wp-json\/wp\/v2\/types\/product"}],"wp:featuredmedia":[{"embeddable":true,"href":"https:\/\/vitalstoffversand.com\/es\/wp-json\/wp\/v2\/media\/40546"}],"wp:attachment":[{"href":"https:\/\/vitalstoffversand.com\/es\/wp-json\/wp\/v2\/media?parent=20758"}],"wp:term":[{"taxonomy":"product_brand","embeddable":true,"href":"https:\/\/vitalstoffversand.com\/es\/wp-json\/wp\/v2\/product_brand?post=20758"},{"taxonomy":"product_cat","embeddable":true,"href":"https:\/\/vitalstoffversand.com\/es\/wp-json\/wp\/v2\/product_cat?post=20758"},{"taxonomy":"product_tag","embeddable":true,"href":"https:\/\/vitalstoffversand.com\/es\/wp-json\/wp\/v2\/product_tag?post=20758"}],"curies":[{"name":"wp","href":"https:\/\/api.w.org\/{rel}","templated":true}]}}