{"id":20497,"date":"2024-10-30T16:23:34","date_gmt":"2024-10-30T15:23:34","guid":{"rendered":"https:\/\/vitalstoffversand.com\/produkt\/vit4ever-saw-palmetto-extracto-de-saw-palmetto-180-capsulas\/"},"modified":"2026-03-12T15:27:11","modified_gmt":"2026-03-12T14:27:11","slug":"vit4ever-saw-palmetto-extracto-de-saw-palmetto-180-capsulas","status":"publish","type":"product","link":"https:\/\/vitalstoffversand.com\/es\/producto\/vit4ever-saw-palmetto-extracto-de-saw-palmetto-180-capsulas\/","title":{"rendered":"Vit4ever <br>Extracto de Saw Palmetto &#8211; 180 c\u00e1psulas"},"content":{"rendered":"<p>Los frutos de la palma enana americana (Serenoa repens) son ricos en fitoesteroles y \u00e1cidos grasos y se utilizan en medicina para tratar la hiperplasia benigna de pr\u00f3stata en los hombres.<\/p>\n<p>Los efectos a menudo propagados, por ejemplo, contra el c\u00e1ncer de pr\u00f3stata, la ca\u00edda del cabello, etc. son muy posibles, pero no est\u00e1n suficientemente probados.<\/p>\n<ul>\n<li>Vegano<\/li>\n<li>Sin gluten<\/li>\n<li>Sin lactosa<\/li>\n<li>Sin OGM<\/li>\n<li>Fabricado seg\u00fan los estrictos est\u00e1ndares de calidad de la UE.<\/li>\n<\/ul>\n","protected":false},"excerpt":{"rendered":"<p>Los frutos de la palma enana americana (Serenoa repens) son ricos en fitoesteroles y \u00e1cidos grasos y se utilizan en medicina para tratar la hiperplasia benigna de pr\u00f3stata en los hombres. Los efectos a menudo propagados, por ejemplo, contra el c\u00e1ncer de pr\u00f3stata, la ca\u00edda del cabello, etc. son muy posibles, pero no est\u00e1n suficientemente [&hellip;]<\/p>\n","protected":false},"featured_media":49544,"template":"","meta":{"_acf_changed":false},"product_brand":[10219],"product_cat":[350,363],"product_tag":[],"class_list":{"0":"post-20497","1":"product","2":"type-product","3":"status-publish","4":"has-post-thumbnail","6":"product_brand-vit4ever-es","7":"product_cat-nutrientes","8":"product_cat-productos-de-a-z","10":"first","11":"instock","12":"taxable","13":"shipping-taxable","14":"purchasable","15":"product-type-simple"},"acf":[],"_links":{"self":[{"href":"https:\/\/vitalstoffversand.com\/es\/wp-json\/wp\/v2\/product\/20497","targetHints":{"allow":["GET"]}}],"collection":[{"href":"https:\/\/vitalstoffversand.com\/es\/wp-json\/wp\/v2\/product"}],"about":[{"href":"https:\/\/vitalstoffversand.com\/es\/wp-json\/wp\/v2\/types\/product"}],"wp:featuredmedia":[{"embeddable":true,"href":"https:\/\/vitalstoffversand.com\/es\/wp-json\/wp\/v2\/media\/49544"}],"wp:attachment":[{"href":"https:\/\/vitalstoffversand.com\/es\/wp-json\/wp\/v2\/media?parent=20497"}],"wp:term":[{"taxonomy":"product_brand","embeddable":true,"href":"https:\/\/vitalstoffversand.com\/es\/wp-json\/wp\/v2\/product_brand?post=20497"},{"taxonomy":"product_cat","embeddable":true,"href":"https:\/\/vitalstoffversand.com\/es\/wp-json\/wp\/v2\/product_cat?post=20497"},{"taxonomy":"product_tag","embeddable":true,"href":"https:\/\/vitalstoffversand.com\/es\/wp-json\/wp\/v2\/product_tag?post=20497"}],"curies":[{"name":"wp","href":"https:\/\/api.w.org\/{rel}","templated":true}]}}