{"id":20496,"date":"2024-10-30T15:19:50","date_gmt":"2024-10-30T14:19:50","guid":{"rendered":"https:\/\/vitalstoffversand.com\/produkt\/vit4ever-vitamina-c-1000-mg-365-comprimidos\/"},"modified":"2026-03-12T15:23:33","modified_gmt":"2026-03-12T14:23:33","slug":"vit4ever-vitamina-c-1000-mg-365-comprimidos","status":"publish","type":"product","link":"https:\/\/vitalstoffversand.com\/es\/producto\/vit4ever-vitamina-c-1000-mg-365-comprimidos\/","title":{"rendered":"Vit4ever <br>Vitamina C 1000 mg &#8211; 365 comprimidos"},"content":{"rendered":"<p>La vitamina C es una vitamina muy vers\u00e1til y extremadamente importante, que tambi\u00e9n se conoce como \u00e1cido asc\u00f3rbico.<\/p>\n<p>Dado que la <a href=\"https:\/\/vitalstoffversand.com\/knowledge-base\/vitamin-c\/\" target=\"_blank\" rel=\"noopener\"><strong><span style=\"color: #0000ff;\">\u2192 vitamina C<\/span><\/strong><\/a> es hidrosoluble y no puede ser producida por el propio cuerpo, debe ser suministrada permanentemente al organismo.<\/p>\n<p>Debido a la especial composici\u00f3n de los ingredientes, la vitamina C de este producto se libera con un retardo temporal, de modo que el organismo recibe el aporte durante varias horas.<\/p>\n<ul>\n<li>Vegano<\/li>\n<li>Sin gluten<\/li>\n<li>Sin lactosa<\/li>\n<li>Sin OGM<\/li>\n<li>Fabricado seg\u00fan los estrictos est\u00e1ndares de calidad de la UE.<\/li>\n<\/ul>\n","protected":false},"excerpt":{"rendered":"<p>La vitamina C es una vitamina muy vers\u00e1til y extremadamente importante, que tambi\u00e9n se conoce como \u00e1cido asc\u00f3rbico. Dado que la \u2192 vitamina C es hidrosoluble y no puede ser producida por el propio cuerpo, debe ser suministrada permanentemente al organismo. Debido a la especial composici\u00f3n de los ingredientes, la vitamina C de este producto [&hellip;]<\/p>\n","protected":false},"featured_media":49504,"template":"","meta":{"_acf_changed":false},"product_brand":[10219],"product_cat":[310,363],"product_tag":[],"class_list":{"0":"post-20496","1":"product","2":"type-product","3":"status-publish","4":"has-post-thumbnail","6":"product_brand-vit4ever-es","7":"product_cat-vitaminas","8":"product_cat-productos-de-a-z","10":"first","11":"instock","12":"taxable","13":"shipping-taxable","14":"purchasable","15":"product-type-simple"},"acf":[],"_links":{"self":[{"href":"https:\/\/vitalstoffversand.com\/es\/wp-json\/wp\/v2\/product\/20496","targetHints":{"allow":["GET"]}}],"collection":[{"href":"https:\/\/vitalstoffversand.com\/es\/wp-json\/wp\/v2\/product"}],"about":[{"href":"https:\/\/vitalstoffversand.com\/es\/wp-json\/wp\/v2\/types\/product"}],"wp:featuredmedia":[{"embeddable":true,"href":"https:\/\/vitalstoffversand.com\/es\/wp-json\/wp\/v2\/media\/49504"}],"wp:attachment":[{"href":"https:\/\/vitalstoffversand.com\/es\/wp-json\/wp\/v2\/media?parent=20496"}],"wp:term":[{"taxonomy":"product_brand","embeddable":true,"href":"https:\/\/vitalstoffversand.com\/es\/wp-json\/wp\/v2\/product_brand?post=20496"},{"taxonomy":"product_cat","embeddable":true,"href":"https:\/\/vitalstoffversand.com\/es\/wp-json\/wp\/v2\/product_cat?post=20496"},{"taxonomy":"product_tag","embeddable":true,"href":"https:\/\/vitalstoffversand.com\/es\/wp-json\/wp\/v2\/product_tag?post=20496"}],"curies":[{"name":"wp","href":"https:\/\/api.w.org\/{rel}","templated":true}]}}