{"id":20466,"date":"2024-11-12T14:52:35","date_gmt":"2024-11-12T13:52:35","guid":{"rendered":"https:\/\/vitalstoffversand.com\/produkt\/gen-premium-shaker-700-ml\/"},"modified":"2026-03-12T12:23:24","modified_gmt":"2026-03-12T11:23:24","slug":"gen-premium-shaker-700-ml","status":"publish","type":"product","link":"https:\/\/vitalstoffversand.com\/es\/producto\/gen-premium-shaker-700-ml\/","title":{"rendered":"GEN <br>Premium Shaker &#8211; 700 ml"},"content":{"rendered":"<p>GEN Circle Technology Protein ShakerX\u00ae con 700 ml de capacidad.<\/p>\n<p>Fresco, elegante y f\u00e1cil de limpiar.<\/p>\n<p>Caracter\u00edsticas del producto::<\/p>\n<ul>\n<li>Capacidad: 700 ml<\/li>\n<li>F\u00e1cil de limpiar y apto para lavavajillas.<\/li>\n<li>Cierre especial a prueba de fugas.<\/li>\n<li>Gracias a la exclusiva tecnolog\u00eda Circle, ya no es necesario utilizar un tamiz o una bola.<\/li>\n<li>Fabricado con pl\u00e1stico certificado (polipropileno), naturalmente libre de BPA.<\/li>\n<\/ul>\n","protected":false},"excerpt":{"rendered":"<p>GEN Circle Technology Protein ShakerX\u00ae con 700 ml de capacidad. Fresco, elegante y f\u00e1cil de limpiar. Caracter\u00edsticas del producto:: Capacidad: 700 ml F\u00e1cil de limpiar y apto para lavavajillas. Cierre especial a prueba de fugas. Gracias a la exclusiva tecnolog\u00eda Circle, ya no es necesario utilizar un tamiz o una bola. Fabricado con pl\u00e1stico certificado [&hellip;]<\/p>\n","protected":false},"featured_media":49144,"template":"","meta":{"_acf_changed":false},"product_brand":[10201],"product_cat":[378,363],"product_tag":[],"class_list":{"0":"post-20466","1":"product","2":"type-product","3":"status-publish","4":"has-post-thumbnail","6":"product_brand-gen-german-elite-nutrition-es","7":"product_cat-accesorios-y-varios","8":"product_cat-productos-de-a-z","10":"first","11":"instock","12":"taxable","13":"shipping-taxable","14":"purchasable","15":"product-type-simple"},"acf":[],"_links":{"self":[{"href":"https:\/\/vitalstoffversand.com\/es\/wp-json\/wp\/v2\/product\/20466","targetHints":{"allow":["GET"]}}],"collection":[{"href":"https:\/\/vitalstoffversand.com\/es\/wp-json\/wp\/v2\/product"}],"about":[{"href":"https:\/\/vitalstoffversand.com\/es\/wp-json\/wp\/v2\/types\/product"}],"wp:featuredmedia":[{"embeddable":true,"href":"https:\/\/vitalstoffversand.com\/es\/wp-json\/wp\/v2\/media\/49144"}],"wp:attachment":[{"href":"https:\/\/vitalstoffversand.com\/es\/wp-json\/wp\/v2\/media?parent=20466"}],"wp:term":[{"taxonomy":"product_brand","embeddable":true,"href":"https:\/\/vitalstoffversand.com\/es\/wp-json\/wp\/v2\/product_brand?post=20466"},{"taxonomy":"product_cat","embeddable":true,"href":"https:\/\/vitalstoffversand.com\/es\/wp-json\/wp\/v2\/product_cat?post=20466"},{"taxonomy":"product_tag","embeddable":true,"href":"https:\/\/vitalstoffversand.com\/es\/wp-json\/wp\/v2\/product_tag?post=20466"}],"curies":[{"name":"wp","href":"https:\/\/api.w.org\/{rel}","templated":true}]}}