{"id":20408,"date":"2024-11-10T12:55:01","date_gmt":"2024-11-10T11:55:01","guid":{"rendered":"https:\/\/vitalstoffversand.com\/produkt\/vit4ever-l-carnitina-180-capsulas\/"},"modified":"2026-03-12T15:05:34","modified_gmt":"2026-03-12T14:05:34","slug":"vit4ever-l-carnitina-180-capsulas","status":"publish","type":"product","link":"https:\/\/vitalstoffversand.com\/es\/producto\/vit4ever-l-carnitina-180-capsulas\/","title":{"rendered":"Vit4ever <br>L-Carnitina &#8211; 180 c\u00e1psulas"},"content":{"rendered":"<p>La L-carnitina interviene en el metabolismo energ\u00e9tico y desempe\u00f1a un papel en la metabolizaci\u00f3n de los \u00e1cidos grasos para generar energ\u00eda.<\/p>\n<p>El tartrato de L-carnitina es una L-carnitina unida al \u00e1cido tart\u00e1rico y se absorbe muy r\u00e1pidamente.<\/p>\n<ul>\n<li>Vegano<\/li>\n<li>Sin gluten<\/li>\n<li>Sin lactosa<\/li>\n<li>Sin OGM<\/li>\n<li>Fabricado seg\u00fan los estrictos est\u00e1ndares de calidad de la UE.<\/li>\n<\/ul>\n","protected":false},"excerpt":{"rendered":"<p>La L-carnitina interviene en el metabolismo energ\u00e9tico y desempe\u00f1a un papel en la metabolizaci\u00f3n de los \u00e1cidos grasos para generar energ\u00eda. El tartrato de L-carnitina es una L-carnitina unida al \u00e1cido tart\u00e1rico y se absorbe muy r\u00e1pidamente. Vegano Sin gluten Sin lactosa Sin OGM Fabricado seg\u00fan los estrictos est\u00e1ndares de calidad de la UE.<\/p>\n","protected":false},"featured_media":49408,"template":"","meta":{"_acf_changed":false},"product_brand":[10219],"product_cat":[350,363],"product_tag":[],"class_list":{"0":"post-20408","1":"product","2":"type-product","3":"status-publish","4":"has-post-thumbnail","6":"product_brand-vit4ever-es","7":"product_cat-nutrientes","8":"product_cat-productos-de-a-z","10":"first","11":"instock","12":"taxable","13":"shipping-taxable","14":"purchasable","15":"product-type-simple"},"acf":[],"_links":{"self":[{"href":"https:\/\/vitalstoffversand.com\/es\/wp-json\/wp\/v2\/product\/20408","targetHints":{"allow":["GET"]}}],"collection":[{"href":"https:\/\/vitalstoffversand.com\/es\/wp-json\/wp\/v2\/product"}],"about":[{"href":"https:\/\/vitalstoffversand.com\/es\/wp-json\/wp\/v2\/types\/product"}],"wp:featuredmedia":[{"embeddable":true,"href":"https:\/\/vitalstoffversand.com\/es\/wp-json\/wp\/v2\/media\/49408"}],"wp:attachment":[{"href":"https:\/\/vitalstoffversand.com\/es\/wp-json\/wp\/v2\/media?parent=20408"}],"wp:term":[{"taxonomy":"product_brand","embeddable":true,"href":"https:\/\/vitalstoffversand.com\/es\/wp-json\/wp\/v2\/product_brand?post=20408"},{"taxonomy":"product_cat","embeddable":true,"href":"https:\/\/vitalstoffversand.com\/es\/wp-json\/wp\/v2\/product_cat?post=20408"},{"taxonomy":"product_tag","embeddable":true,"href":"https:\/\/vitalstoffversand.com\/es\/wp-json\/wp\/v2\/product_tag?post=20408"}],"curies":[{"name":"wp","href":"https:\/\/api.w.org\/{rel}","templated":true}]}}