{"id":19876,"date":"2025-01-07T14:19:05","date_gmt":"2025-01-07T13:19:05","guid":{"rendered":"https:\/\/vitalstoffversand.com\/informacion-de-pago\/"},"modified":"2025-08-26T14:37:07","modified_gmt":"2025-08-26T12:37:07","slug":"informacion-de-pago","status":"publish","type":"page","link":"https:\/\/vitalstoffversand.com\/es\/informacion-de-pago\/","title":{"rendered":"Informaci\u00f3n de pago"},"content":{"rendered":"\n<p><\/p>\n\n<div style=\"height:30px\" aria-hidden=\"true\" class=\"wp-block-spacer\"><\/div>\n\n<h2 class=\"wp-block-heading\">Divisas aceptadas<\/h2>\n\n<p>Aceptamos pagos en <\/p>\n\n<div class=\"wp-block-group is-nowrap is-layout-flex wp-container-core-group-is-layout-6c531013 wp-block-group-is-layout-flex\">\n<p>Euro (EUR &#8211; \u20ac)<br\/>Franco suizo (CHF &#8211; CHF)<br\/>Corona checa (CZK &#8211; K\u010d\u010d)<br\/>Corona danesa (DKK &#8211; kr.)<br\/>Libra esterlina (GBP &#8211; \u00a3)<br\/>Flor\u00edn h\u00fangaro (HUF &#8211; Ft)<br\/>Corona noruega (NOK &#8211; kr)<br\/>Z\u0142oty polaco (PLN &#8211; z\u0142)<br\/>Leu rumano (RON &#8211; lei)<br\/>Corona sueca (SEK &#8211; kr)<\/p>\n\n\n\n<p><a href=\"https:\/\/vitalstoffversand.com\/wp-admin\/post-new.php?lang=en&amp;post_type=page&amp;trid=5412&amp;source_lang=de\"><\/a><\/p>\n<\/div>\n\n<div style=\"height:30px\" aria-hidden=\"true\" class=\"wp-block-spacer\"><\/div>\n\n<h2 class=\"wp-block-heading\">Comisiones de pago<\/h2>\n\n<p>No cobramos comisiones por ninguno de los m\u00e9todos de pago ofrecidos.<\/p>\n\n<p>Ten en cuenta lo siguiente: <br\/>Dependiendo del m\u00e9todo de pago elegido, pueden surgir costes externos sobre los que no tenemos influencia alguna.<\/p>\n\n<div style=\"height:30px\" aria-hidden=\"true\" class=\"wp-block-spacer\"><\/div>\n\n<h2 class=\"wp-block-heading\">Formas de pago<\/h2>\n\n<p><strong>Pago por adelantado mediante transferencia bancaria<\/strong>:<br\/>Transfiere por adelantado el importe de la factura a nuestra cuenta bancaria.<br\/>Tan pronto como recibamos tu pago, enviaremos tu pedido inmediatamente.<\/p>\n\n<p><strong>PayPal \/ Pago con PayPal<\/strong>:<br\/>Paga de forma segura, r\u00e1pida y c\u00f3moda con tu cuenta PayPal.<br\/>Tambi\u00e9n puedes pagar con tarjeta de cr\u00e9dito o d\u00e9bito sin necesidad de tener una cuenta PayPal.<br\/>Adem\u00e1s, tienes a tu disposici\u00f3n funciones como \u00abPagar m\u00e1s tarde\u00bb.<br\/><br\/><strong>Amazon Pay<\/strong>:<br\/>Utiliza tu informaci\u00f3n de pago y env\u00edo almacenada en Amazon para pagar de forma r\u00e1pida y segura.<\/p>\n\n<p><strong>Tarjetas de cr\u00e9dito \/ d\u00e9bito<\/strong>:<br\/>Aceptamos las principales tarjetas de cr\u00e9dito y d\u00e9bito. <br\/>Tu pago se procesa de forma segura y encriptada.<br\/>El procesamiento de los pagos se realiza a trav\u00e9s de los proveedores de servicios de pago Stripe o Mollie, que act\u00faan como interfaz t\u00e9cnica entre nuestra tienda y los respectivos proveedores de pago.<\/p>\n\n<div style=\"height:20px\" aria-hidden=\"true\" class=\"wp-block-spacer\"><\/div>\n\n<h2 class=\"wp-block-heading\">Otros m\u00e9todos de pago a trav\u00e9s de Mollie y Stripe *<\/h2>\n\n<p>*) Einige Zahlungsarten sind l\u00e4nderspezifisch und nicht \u00fcberall verf\u00fcgbar.<\/p>\n\n<ul class=\"wp-block-list\">\n<li><strong>Billie compra a cuenta (s\u00f3lo B2B)<\/strong>:  <br\/>Para clientes empresariales registrados: compre ahora, pague despu\u00e9s.<br\/><em>Nota: Billie puede realizar una verificaci\u00f3n de solvencia.<\/em><\/li>\n\n\n\n<li><strong>Trustly<\/strong><br\/>Transferencia bancaria directa sin necesidad de registrarse: r\u00e1pida, segura y en toda Europa.<\/li>\n\n\n\n<li><strong>Factura KLARNA \/ Compra a plazos<\/strong>: <br\/>Compre ahora, pague m\u00e1s tarde o a plazos.<br\/><em>Nota: Klarna puede realizar una verificaci\u00f3n de solvencia.<\/em><\/li>\n\n\n\n<li><strong>Riverty<\/strong>:  <br\/>Opciones de pago flexibles<br\/><em>Nota: Riverty puede realizar una verificaci\u00f3n de solvencia.<\/em><\/li>\n\n\n\n<li><strong>Apple Pay \/ Google Pay \/ Microsoft Pay \/ Chrome Pay<\/strong>: <br\/>Paga directamente desde tu dispositivo o navegador.<\/li>\n\n\n\n<li><strong>Mobile Pay \/ Swish \/ Twint \/ Satispay<\/strong><br\/>Servicios de pago m\u00f3vil para transacciones r\u00e1pidas.<\/li>\n\n\n\n<li><strong>Bancontact \/ Belfius Pay \/ KBC\/CBC<\/strong><br\/>Formas de pago belgas para transferencias bancarias directas.<\/li>\n\n\n\n<li><strong>eps \/ Klarna Pago inmediato \/ iDEAL \/ Multibanco \/ Przelewy24 \/ BLIK<\/strong><br\/>M\u00e9todos nacionales de transferencia bancaria en l\u00ednea.<\/li>\n\n\n\n<li><strong>Revolut<\/strong>:  <br\/>Soluci\u00f3n bancaria digital para pagos r\u00e1pidos y seguros.<\/li>\n<\/ul>\n\n<div style=\"height:15px\" aria-hidden=\"true\" class=\"wp-block-spacer\"><\/div>\n\n<p class=\"has-medium-font-size\"><strong>Protecci\u00f3n de datos y avisos legales<\/strong><\/p>\n\n<p>Todos los pagos se procesan a trav\u00e9s de proveedores de servicios de pago certificados y se transmiten de forma cifrada.<\/p>\n\n<ul class=\"wp-block-list\">\n<li>Encontrar\u00e1s m\u00e1s informaci\u00f3n en nuestras <a href=\"https:\/\/vitalstoffversand.com\/es\/condiciones-generales\/\" data-type=\"page\" data-id=\"30\">condiciones generales de contrataci\u00f3n<\/a>.<\/li>\n\n\n\n<li>Encontrar\u00e1s m\u00e1s informaci\u00f3n sobre el tratamiento de tus datos de pago en nuestra <a href=\"https:\/\/vitalstoffversand.com\/es\/proteccion-de-datos\/\" data-type=\"page\" data-id=\"27\">pol\u00edtica de privacidad<\/a>.<\/li>\n<\/ul>\n\n<p><\/p>\n","protected":false},"excerpt":{"rendered":"<p>Divisas aceptadas Aceptamos pagos en Euro (EUR &#8211; \u20ac)Franco suizo (CHF &#8211; CHF)Corona checa (CZK &#8211; K\u010d\u010d)Corona danesa (DKK &#8211; kr.)Libra esterlina (GBP &#8211; \u00a3)Flor\u00edn h\u00fangaro (HUF &#8211; Ft)Corona noruega (NOK &#8211; kr)Z\u0142oty polaco (PLN &#8211; z\u0142)Leu rumano (RON &#8211; lei)Corona sueca (SEK &#8211; kr) Comisiones de pago No cobramos comisiones por ninguno de los [&hellip;]<\/p>\n","protected":false},"author":1,"featured_media":0,"parent":0,"menu_order":0,"comment_status":"closed","ping_status":"closed","template":"","meta":{"_acf_changed":false,"footnotes":""},"class_list":["post-19876","page","type-page","status-publish","hentry"],"acf":[],"_links":{"self":[{"href":"https:\/\/vitalstoffversand.com\/es\/wp-json\/wp\/v2\/pages\/19876","targetHints":{"allow":["GET"]}}],"collection":[{"href":"https:\/\/vitalstoffversand.com\/es\/wp-json\/wp\/v2\/pages"}],"about":[{"href":"https:\/\/vitalstoffversand.com\/es\/wp-json\/wp\/v2\/types\/page"}],"author":[{"embeddable":true,"href":"https:\/\/vitalstoffversand.com\/es\/wp-json\/wp\/v2\/users\/1"}],"replies":[{"embeddable":true,"href":"https:\/\/vitalstoffversand.com\/es\/wp-json\/wp\/v2\/comments?post=19876"}],"version-history":[{"count":0,"href":"https:\/\/vitalstoffversand.com\/es\/wp-json\/wp\/v2\/pages\/19876\/revisions"}],"wp:attachment":[{"href":"https:\/\/vitalstoffversand.com\/es\/wp-json\/wp\/v2\/media?parent=19876"}],"curies":[{"name":"wp","href":"https:\/\/api.w.org\/{rel}","templated":true}]}}