{"id":19787,"date":"2025-01-07T12:44:34","date_gmt":"2025-01-07T11:44:34","guid":{"rendered":"https:\/\/vitalstoffversand.com\/certificacion-ecologica-de-la-ue\/"},"modified":"2025-01-07T13:07:48","modified_gmt":"2025-01-07T12:07:48","slug":"certificacion-ecologica-de-la-ue","status":"publish","type":"page","link":"https:\/\/vitalstoffversand.com\/es\/certificacion-ecologica-de-la-ue\/","title":{"rendered":"Certificaci\u00f3n ecol\u00f3gica de la UE"},"content":{"rendered":"<p>Certificaci\u00f3n ecol\u00f3gica<\/p>\n<p><img decoding=\"async\" class=\"alignnone size-full wp-image-8021\" src=\"https:\/\/vitalstoffversand.com\/wp-content\/uploads\/2025\/01\/eu-organic-logo-150x100-mit-Kontrollnummer.png\" alt=\"\" width=\"150\" height=\"125\"><\/p>\n<p><a href=\"https:\/\/www.bioc.info\/search\/producerdetail?producer=bebcbd53-0ce7-4993-bde0-92474cc2fbcc\" target=\"_blank\" rel=\"noopener\">Certificado<\/a><\/p>\n\n<p><\/p>\n","protected":false},"excerpt":{"rendered":"<p>Certificaci\u00f3n ecol\u00f3gica Certificado<\/p>\n","protected":false},"author":1,"featured_media":0,"parent":0,"menu_order":0,"comment_status":"closed","ping_status":"closed","template":"","meta":{"_acf_changed":false,"footnotes":""},"class_list":["post-19787","page","type-page","status-publish","hentry"],"acf":[],"_links":{"self":[{"href":"https:\/\/vitalstoffversand.com\/es\/wp-json\/wp\/v2\/pages\/19787","targetHints":{"allow":["GET"]}}],"collection":[{"href":"https:\/\/vitalstoffversand.com\/es\/wp-json\/wp\/v2\/pages"}],"about":[{"href":"https:\/\/vitalstoffversand.com\/es\/wp-json\/wp\/v2\/types\/page"}],"author":[{"embeddable":true,"href":"https:\/\/vitalstoffversand.com\/es\/wp-json\/wp\/v2\/users\/1"}],"replies":[{"embeddable":true,"href":"https:\/\/vitalstoffversand.com\/es\/wp-json\/wp\/v2\/comments?post=19787"}],"version-history":[{"count":0,"href":"https:\/\/vitalstoffversand.com\/es\/wp-json\/wp\/v2\/pages\/19787\/revisions"}],"wp:attachment":[{"href":"https:\/\/vitalstoffversand.com\/es\/wp-json\/wp\/v2\/media?parent=19787"}],"curies":[{"name":"wp","href":"https:\/\/api.w.org\/{rel}","templated":true}]}}